{"id":387,"date":"2022-01-11T21:07:23","date_gmt":"2022-01-11T19:07:23","guid":{"rendered":"https:\/\/kitdigital.btactic.com\/avis-legal\/"},"modified":"2022-04-15T16:42:03","modified_gmt":"2022-04-15T14:42:03","slug":"avis-legal","status":"publish","type":"page","link":"https:\/\/kitdigital.btactic.com\/ca\/avis-legal\/","title":{"rendered":"Av\u00eds Legal"},"content":{"rendered":"\n<h2 class=\"wp-block-heading\"><strong>La confidencialitat i la seguretat s\u00f3n valors primordials de BTACTIC i, en conseq\u00fc\u00e8ncia, assumim el comprom\u00eds de garantir la privadesa de les dades personals dels nostres clients en tot moment i de no demanar informaci\u00f3 innecess\u00e0ria.<\/strong><\/h2>\n\n<p>A continuaci\u00f3, et proporcionem tota la informaci\u00f3 necess\u00e0ria sobre la nostra Pol\u00edtica de Privadesa en relaci\u00f3 amb les dades personals que recaptem, explicant:<\/p>\n\n<ul class=\"wp-block-list\"><li>Qui \u00e9s el responsable del tractament de les teves dades.<\/li><li>Per a quines finalitats demanem les dades que demanem?<\/li><li>Quina \u00e9s la legitimaci\u00f3 per al tractament.<\/li><li>Durant quant de temps els conservem.<\/li><li>A quins destinataris es comuniquen les vostres dades.<\/li><li>Quins s\u00f3n els teus drets.<\/li><\/ul>\n\n<h2 class=\"wp-block-heading\"><strong>Qui \u00e9s el responsable del tractament de les dades personals?<\/strong><\/h2>\n\n<p><strong>BTACTIC, SCCL<\/strong><\/p>\n\n<p><strong>NIF:<\/strong> F25708587<\/p>\n\n<p><strong>Ra\u00f3 social: <\/strong>Avinguda Balmes, 34 4t 1B 25006 Lleida<\/p>\n\n<p><strong>Contacte:<\/strong> <strong><a href=\"mailto:rgpd@btactic.com\">rgpd@btactic.com<\/a><\/strong><\/p>\n\n<h2 class=\"wp-block-heading\"><strong>Qui vetllar\u00e0 per les dades a BTACTIC?<\/strong><\/h2>\n\n<p>BTACTIC ha nomenat un responsable de protecci\u00f3 de dades que ser\u00e0 el garant dins de l&#8217;entitat del compliment de la normativa de protecci\u00f3 de dades.<\/p>\n\n<p>Podr\u00e0s contactar amb el Responsable de Protecci\u00f3 de Dades de BTACTIC a les seg\u00fcents adreces:<\/p>\n\n<ul class=\"wp-block-list\"><li>Correu electr\u00f2nic: <strong><a href=\"mailto:rgpd@btactic.com\">rgpd@btactic.com<\/a><\/strong><\/li><li>Correu postal: Avinguda Balmes, 34 4t 1B 25006 Lleida<\/li><\/ul>\n\n<p><strong>Quins s\u00f3n els col\u00b7lectius dinteressats?<\/strong><\/p>\n\n<p>Les dades de car\u00e0cter personal tractades s\u00f3n les dels seg\u00fcents col\u00b7lectius interessats:<\/p>\n\n<ul class=\"wp-block-list\"><li>Persones que es registren a la web per accedir als serveis proporcionats.<\/li><li>Persones que s&#8217;inscriuen en alguna de les activitats disponibles a la web.<\/li><li>Persones que ens han proporcionat les seves dades als diferents formularis de la web per fer consultes o obtenir informaci\u00f3 sobre els nostres serveis i activitats.<\/li><li>Persones que han demanat rebre comunicacions sobre novetats, serveis i\/o promocions de BTACTIC.<\/li><\/ul>\n\n<h2 class=\"wp-block-heading\"><strong>Amb quina finalitat i legitimaci\u00f3 utilitzem les dades personals?<\/strong><\/h2>\n\n<p>En BTACTIC tratamos tus datos personales para proporcionarte los servicios que nos hayas solicitado o responder a tus demandas de informaci\u00f3n.<\/p>\n\n<p>Los datos de car\u00e1cter personal tratados ser\u00e1n aquellos que:<\/p>\n\n<ul class=\"wp-block-list\"><li>Los interesados hayan facilitado a trav\u00e9s de los formularios web correspondientes.<\/li><li>Hayan sido proporcionados por las empresas asociadas a BTACTIC en el momento de darse de alta o como resultado de la actualizaci\u00f3n de su vinculaci\u00f3n con BTACTIC.<\/li><li>Se hayan generado como consecuencia de la prestaci\u00f3n de servicios de BTACTIC.<\/li><li>BTACTIC hagi obtingut per diferents mitjans de conformitat amb el que es descriu al llarg de la present Pol\u00edtica de Privadesa.<\/li><li>S&#8217;incloguin a l&#8217;enviament de correus electr\u00f2nics a les adreces publicades a la web.<\/li><\/ul>\n\n<p>Aquestes dades de car\u00e0cter personal seran tractades per a les finalitats que s&#8217;indiquen a continuaci\u00f3, en la mesura que hi hagi una base legal per a cada tractament.<\/p>\n\n<ul class=\"wp-block-list\"><li><strong>Registro en la web<\/strong><\/li><\/ul>\n\n<p>Els tractaments de les dades de registre a la web s\u00f3n necessaris per gestionar l&#8217;\u00e0rea privada dels usuaris i l&#8217;acc\u00e9s a la inscripci\u00f3 a cursos, actes i altres activitats que aquest registre els proporciona.<\/p>\n\n<p><strong>Legitimaci\u00f3:<\/strong><\/p>\n\n<ul class=\"wp-block-list\"><li>Inter\u00e8s leg\u00edtim de BTACTIC per aquest tractament de dades per tal de proporcionar l&#8217;acc\u00e9s a serveis disponibles nom\u00e9s per a usuaris registrats.<\/li><li><strong>Resposta a sol\u00b7licituds d&#8217;informaci\u00f3 o contacte<\/strong><\/li><\/ul>\n\n<p>A la web hi ha diversos formularis amb qu\u00e8 els usuaris poden enviar sol\u00b7licituds a BTACTIC respecte a:<\/p>\n\n<ul class=\"wp-block-list\"><li>Informaci\u00f3 sobre determinats serveis<\/li><li>Contacte en general<\/li><li>Fer-se client<\/li><\/ul>\n\n<p><strong>Legitimaci\u00f3:<\/strong><\/p>\n\n<ul class=\"wp-block-list\"><li>Inter\u00e8s leg\u00edtim de BTACTIC per aquest tractament de dades per donar resposta a les sol\u00b7licituds enviades pels usuaris i tenint en compte les expectatives raonables dels interessats a rebre una resposta a les vostres peticions.<\/li><li><strong>Inscripci\u00f3 a actes organitzats per BTACTIC<\/strong><\/li><\/ul>\n\n<p>Es tractaran les dades personals de les persones inscrites als actes organitzats per BTACTIC o alguna de les seves empreses afiliades com ara jornades, xerrades, pon\u00e8ncies, confer\u00e8ncies, networkings, tallers, etc.<\/p>\n\n<p>Aix\u00ed, BTACTIC tractar\u00e0 les dades personals dels interessats per gestionar la inscripci\u00f3, la coordinaci\u00f3 i el seguiment de l&#8217;assist\u00e8ncia dels participants.<\/p>\n\n<p><strong>Legitimaci\u00f3:<\/strong><\/p>\n\n<ul class=\"wp-block-list\"><li>Inter\u00e8s leg\u00edtim de BTACTIC per gestionar la participaci\u00f3 dels interessats en els actes a qu\u00e8 s&#8217;hagin inscrit.<\/li><li><strong>Inscripci\u00f3 a cursos de formaci\u00f3 organitzats per BTACTIC<\/strong><\/li><\/ul>\n\n<p>Es tractaran les dades personals de les persones inscrites als cursos de formaci\u00f3 organitzats per BTACTIC<\/p>\n\n<p>Aix\u00ed, BTACTIC tractar\u00e0 les dades personals dels interessats per gestionar la inscripci\u00f3, la coordinaci\u00f3 i el seguiment de l&#8217;assist\u00e8ncia dels participants als cursos.<\/p>\n\n<p>Tamb\u00e9 podr\u00e0 tractar les dades dels interessats per dur a terme la tramitaci\u00f3 de les bonificacions gestionades per la Fundaci\u00f3 Estatal per a la Formaci\u00f3 a l&#8217;Ocupaci\u00f3 (Fundae).<\/p>\n\n<p><strong>Legitimaci\u00f3:<\/strong><\/p>\n\n<ul class=\"wp-block-list\"><li>Inter\u00e8s leg\u00edtim de BTACTIC per gestionar la participaci\u00f3 dels interessats en els cursos de formaci\u00f3 a qu\u00e8 s&#8217;hagin inscrit.<\/li><li>Desenvolupament de les funcions previstes a la Llei 30\/2015, de 9 de setembre, per la qual es regula el Sistema de Formaci\u00f3 Professional per a l&#8217;ocupaci\u00f3 en l&#8217;\u00e0mbit laboral.<\/li><li><strong>Enviament de comunicacions comercials per qualsevol canal, fins i tot per via electr\u00f2nica<\/strong><\/li><\/ul>\n\n<p>BTACTIC tractar\u00e0 les dades personals per informar-te i assessorar-te tenint en compte els teus interessos i necessitats particulars envers BTACTIC, i responent aix\u00ed a l&#8217;inter\u00e8s leg\u00edtim de la nostra entitat.<\/p>\n\n<p>Aix\u00ed, BTACTIC tractar\u00e0 les dades personals per fer l&#8217;enviament de butlletins informatius sobre esdeveniments, activitats, novetats, formaci\u00f3, not\u00edcies i promocions que puguin ser del teu inter\u00e8s en relaci\u00f3 amb l&#8217;activitat de BTACTIC com a organitzaci\u00f3 empresarial, en resposta a la necessitat de mantenir-te informat.<\/p>\n\n<p><strong>Legitimaci\u00f3:<\/strong><\/p>\n\n<ul class=\"wp-block-list\"><li>Consentiment espec\u00edfic que se sol\u00b7licita a l&#8217;interessat en diversos formularis de la web, sense que en cap cas l&#8217;exist\u00e8ncia d&#8217;aquest consentiment no condicioni la prestaci\u00f3 de la finalitat principal del formulari.<\/li><li>El consentiment tamb\u00e9 es considera que s&#8217;atorga de forma expressa en el cas de l&#8217;enviament de dades a trav\u00e9s del formulari espec\u00edfic on els usuaris poden sol\u00b7licitar la recepci\u00f3 de butlletins.<\/li><li><strong>\u00das de les imatges registrades als cursos de formaci\u00f3 i activitats organitzades per BTACTIC<\/strong><\/li><\/ul>\n\n<p>BTACTIC tractar\u00e0 les imatges recollides als cursos de formaci\u00f3 i activitats que organitza per tal de ser difoses mitjan\u00e7ant els canals de comunicaci\u00f3 de BTACTIC (revista, web i xarxes socials) i amb l&#8217;inter\u00e8s leg\u00edtim de BTACTIC per promocionar les activitats que duu a terme entitat.<\/p>\n\n<p>Igualment, les imatges seran conservades a l&#8217;arxiu documental de BTACTIC.<\/p>\n\n<p><strong>Legitimaci\u00f3:<\/strong><\/p>\n\n<ul class=\"wp-block-list\"><li>Consentiment espec\u00edfic que se sol\u00b7licita a l&#8217;interessat en diversos formularis de la web, sense que en cap cas l&#8217;exist\u00e8ncia d&#8217;aquest consentiment no condicioni la prestaci\u00f3 de la finalitat principal del formulari.<\/li><\/ul>\n\n<h2 class=\"wp-block-heading\"><strong>Durant quant de temps BTACTIC conservar\u00e0 les dades?<\/strong><\/h2>\n\n<p>En general, es conserven durant el temps necessari per complir amb la finalitat per a la qual es van demanar i per determinar les possibles responsabilitats que es puguin derivar d&#8217;aquesta finalitat i del tractament de les dades.<\/p>\n\n<p>Entre altres, aix\u00f2 implica que BTACTIC conservar\u00e0 les dades personals dels interessats mentre duri la vinculaci\u00f3 entre BTACTIC i els seus associats i, en tot cas, s&#8217;han de conservar durant el per\u00edode que sigui necessari per a la formulaci\u00f3, l&#8217;exercici o la defensa de potencials reclamacions, per complir obligacions legals sempre que ho permeti la legislaci\u00f3 aplicable.<\/p>\n\n<p>Un cop finalitzat el termini esmentat, BTACTIC es compromet a cessar el tractament de totes les dades, aix\u00ed com a bloquejar-les degudament. Aix\u00f2 no obstant, les dades personals, especialment en el cas de registres d&#8217;\u00fas, es poden conservar quan sigui necessari durant per\u00edodes m\u00e9s llargs sempre que es tractin exclusivament amb finalitats d&#8217;an\u00e0lisi estad\u00edstica i investigaci\u00f3.<\/p>\n\n<p>Transcorreguts els terminis de prescripci\u00f3 legal, destruirem, bloquejarem o anonimitzarem les dades personals en la mesura que sigui possible per a la finalitat per la qual es conservaven.<\/p>\n\n<h2 class=\"wp-block-heading\"><strong>A qui comunicarem les teves dades?<\/strong><\/h2>\n\n<p>Tal com hem indicat quan hem identificat el responsable dels tractaments, les dades es compartiran entre BTACTIC i totes les empreses afiliades dins l&#8217;\u00e0mbit de responsabilitats atribu\u00efdes a cadascuna.<\/p>\n\n<p>No cedirem les teves dades personals a tercers, excepte que sigui necessari per prestar-te servei, que estiguem cobertes per una llei o que aix\u00ed ho hagis pactat pr\u00e8viament amb BTACTIC.<\/p>\n\n<p>Per tal de prestar-te un servei adequat i gestionar la relaci\u00f3 que mantenim amb tu com a client, podem comunicar les teves dades personals a:<\/p>\n\n<ul class=\"wp-block-list\"><li>Empreses que ens prestin serveis relacionats amb l&#8217;activitat ordin\u00e0ria i administrativa de l&#8217;empresa com a encarregats de tractament, nacionals o internacionals, en el marc de la presentaci\u00f3 de serveis com, entre d&#8217;altres, prove\u00efdors de serveis de correu electr\u00f2nic, allotjament de serveis web , allotjament de servidors, serveis d&#8217;aplicacions de gesti\u00f3 en modalitat Saas, o arxiu de fitxers al n\u00favol. <\/li><\/ul>\n\n<p>La prestaci\u00f3 de serveis pot implicar el tractament de les dades personals per part d&#8217;empreses ubicades a pa\u00efsos fora de l&#8217;Espai Econ\u00f2mic Europeu (transfer\u00e8ncies internacionals de dades), \u00fanicament quan els pa\u00efsos ofereixin un nivell adequat de protecci\u00f3 o, en el cas d&#8217;entitats als EUA \u2022 EUA que estiguin certificades en el marc de l&#8217;Escut de Privadesa UE-EE. UU. Decisi\u00f3 (UE) 2016\/1250 de la Comissi\u00f3, de 12 de juliol de 2016.<\/p>\n\n<ul class=\"wp-block-list\"><li>BTACTIC tamb\u00e9 podr\u00e0 fer cessions o comunicacions de dades personals per atendre les seves obligacions amb les administracions p\u00fabliques quan aix\u00ed es requereixi d&#8217;acord amb la legislaci\u00f3 vigent en cada cas.<\/li><\/ul>\n\n<h2 class=\"wp-block-heading\"><strong>Quins s\u00f3n els teus drets derivats de facilitar-nos les teves dades?<\/strong><\/h2>\n\n<p>En qualsevol moment podeu exercir els vostres drets d&#8217;acc\u00e9s, rectificaci\u00f3, supressi\u00f3 i portabilitat de dades personals, aix\u00ed com els d&#8217;oposici\u00f3 i limitaci\u00f3 del tractament de les dades personals recollides per BTACTIC.<\/p>\n\n<p>Aquests drets poden ser exercits gratu\u00eftament per l&#8217;interessat i, si escau, per qui el representi, mitjan\u00e7ant sol\u00b7licitud escrita i signada, acompanyada de c\u00f2pia del seu DNI o document equivalent que acrediti la seva identitat, dirigida:<\/p>\n\n<ul class=\"wp-block-list\"><li>Per correu electr\u00f2nic a: <strong><a href=\"mailto:rgpd@btactic.com\">rgpd@btactic.com<\/a><\/strong><\/li><li>Per correu postal a: Avinguda Balmes, 34 4t 1B 25006 Lleida<\/li><\/ul>\n\n<p>En el cas de representaci\u00f3, haur\u00e0 de provar-la mitjan\u00e7ant document escrit i adjuntant c\u00f2pia del DNI o document equivalent que acrediti la identitat del representant, o una altra documentaci\u00f3 acreditativa que s&#8217;indiqui a l&#8217;apartat Drets ARCO.<\/p>\n\n<p>A m\u00e9s dels drets anteriors, l&#8217;interessat tindr\u00e0 dret a <strong>retirar el consentiment atorgat<\/strong> en qualsevol moment mitjan\u00e7ant el procediment abans descrit, sense que aix\u00f2 afecti la licitud del tractament anterior a la retirada del consentiment. BTACTIC podr\u00e0 continuar tractant les dades personals de l&#8217;interessat en la mesura que la llei aplicable ho permeti o que persisteixi qualsevol altra legitimaci\u00f3 que ho justifiqui.<\/p>\n\n<p>Concretament, en cas que l&#8217;interessat demani el cessament del tractament de la seva imatge, la supressi\u00f3 no ser\u00e0 efectiva per a aquelles publicacions fetes abans de la data en qu\u00e8 hagi fet la sol\u00b7licitud.<\/p>\n\n<p>Concretament en el cas del servei d&#8217;enviament de comunicacions comercials, l&#8217;interessat t\u00e9 dret a revocar en qualsevol moment el consentiment prestat per a l&#8217;enviament de comunicacions comercials notificant a BTACTIC que no vol seguir rebent-les. Per a aix\u00f2, linteressat podr\u00e0 o b\u00e9 revocar el seu consentiment en la forma descrita a lapartat anterior o b\u00e9 clicar a lenlla\u00e7 incl\u00f2s a cada comunicaci\u00f3 comercial cancel\u00b7lant, per tant, la tramesa de comunicacions comercials electr\u00f2niques.<\/p>\n\n<p>BTACTIC recorda a l&#8217;interessat que t\u00e9 dret a presentar una reclamaci\u00f3 davant de l&#8217;autoritat de control pertinent (l&#8217;Ag\u00e8ncia Espanyola de Protecci\u00f3 de Dades).<\/p>\n\n<h2 class=\"wp-block-heading\"><strong>Quines mesures de seguretat apliquem a les vostres dades personals?<\/strong><\/h2>\n\n<p>Amb l&#8217;objectiu de salvaguardar la seguretat de les vostres dades personals, us informem que a BTACTIC hem adoptat totes les mesures d&#8217;\u00edndole t\u00e8cnica i organitzativa necess\u00e0ries per garantir la seguretat de les dades personals subministrades quant a garantir la confidencialitat, integritat, disponibilitat i resili\u00e8ncia permanents dels sistemes i serveis de tractament.<\/p>\n\n<p>En concret es disposa de mesures de seguretat consistents a:<\/p>\n\n<ul class=\"wp-block-list\"><li>El control f\u00edsic de l&#8217;acc\u00e9s i la protecci\u00f3 dels equips, les persones i les instal\u00b7lacions on es realitzen els tractaments de dades.<\/li><li>L&#8217;acc\u00e9s als teus sistemes inform\u00e0tics es realitza per mitj\u00e0 d&#8217;usuaris i contrasenyes individuals, limitant aquest acc\u00e9s a les dades a aquells empleats que estrictament ho requereixin per a l&#8217;exercici del seu lloc de treball.<\/li><li>C\u00f2pies de seguretat de les dades personals de les quals hi ha l&#8217;obligaci\u00f3 de mantenir la integritat i la disponibilitat.<\/li><li>En el sup\u00f2sit de gestionar suports o documents amb dades personals, aquestes estan degudament custodiades amb clau o amb dispositius de tancament equivalents.<\/li><li>Sistemes de protecci\u00f3 perimetral a la xarxa per evitar intrusions i antivirus de protecci\u00f3 dels teus sistemes inform\u00e0tics.<\/li><li>Es disposa d&#8217;un registre d&#8217;incid\u00e8ncies de seguretat i s&#8217;han establert mecanismes i procediments de notificaci\u00f3 de fallades de seguretat.<\/li><li>Es disposa d&#8217;un Pla de Continu\u00eftat que estableix la possibilitat de restaurar la disponibilitat i l&#8217;acc\u00e9s a les dades personals de forma r\u00e0pida, en cas d&#8217;incident f\u00edsic o t\u00e8cnic dins dels terminis requerits per complir els compromisos de negoci als quals estem obligats segons el nostre contracte de servei.<\/li><\/ul>\n\n<p>Aix\u00ed mateix, BTACTIC ha engegat controls interns per verificar, avaluar i valorar, de manera regular, l&#8217;efic\u00e0cia de les mesures t\u00e8cniques i organitzatives implementades per garantir la seguretat del tractament.<\/p>\n\n<h2 class=\"wp-block-heading\"><strong>Actualitzaci\u00f3 de les teves dades<\/strong><\/h2>\n\n<p>\u00c9s important que, amb la finalitat que puguem mantenir les teves dades personals actualitzades, ens informes sempre de qualsevol modificaci\u00f3; en cas contrari, no responem de la veracitat de les dades.<\/p>\n\n<h2 class=\"wp-block-heading\"><strong>Modificaci\u00f3 de la Pol\u00edtica de Privadesa<\/strong><\/h2>\n\n<p>BTACTIC pot modificar la seva Pol\u00edtica de Privadesa d&#8217;acord amb la legislaci\u00f3 aplicable a cada moment. En tot cas, qualsevol modificaci\u00f3 de la Pol\u00edtica de Privadesa et ser\u00e0 degudament notificada perqu\u00e8 quedis informat dels canvis realitzats en el tractament de les teves dades personals i, en cas que la normativa aplicable aix\u00ed ho exigeixi, puguis atorgar el teu consentiment.<\/p>\n","protected":false},"excerpt":{"rendered":"<p>La confidencialitat i la seguretat s\u00f3n valors primordials de BTACTIC i, en conseq\u00fc\u00e8ncia, assumim el comprom\u00eds de garantir la privadesa de les dades personals dels nostres clients en tot moment i de no demanar informaci\u00f3 innecess\u00e0ria. A continuaci\u00f3, et proporcionem tota la informaci\u00f3 necess\u00e0ria sobre la nostra Pol\u00edtica de Privadesa en relaci\u00f3 amb les dades [&hellip;]<\/p>\n","protected":false},"author":2,"featured_media":0,"parent":0,"menu_order":0,"comment_status":"closed","ping_status":"closed","template":"","meta":{"_et_pb_use_builder":"","_et_pb_old_content":"","_et_gb_content_width":"","footnotes":""},"class_list":["post-387","page","type-page","status-publish","hentry"],"jetpack_sharing_enabled":true,"_links":{"self":[{"href":"https:\/\/kitdigital.btactic.com\/ca\/wp-json\/wp\/v2\/pages\/387","targetHints":{"allow":["GET"]}}],"collection":[{"href":"https:\/\/kitdigital.btactic.com\/ca\/wp-json\/wp\/v2\/pages"}],"about":[{"href":"https:\/\/kitdigital.btactic.com\/ca\/wp-json\/wp\/v2\/types\/page"}],"author":[{"embeddable":true,"href":"https:\/\/kitdigital.btactic.com\/ca\/wp-json\/wp\/v2\/users\/2"}],"replies":[{"embeddable":true,"href":"https:\/\/kitdigital.btactic.com\/ca\/wp-json\/wp\/v2\/comments?post=387"}],"version-history":[{"count":6,"href":"https:\/\/kitdigital.btactic.com\/ca\/wp-json\/wp\/v2\/pages\/387\/revisions"}],"predecessor-version":[{"id":484,"href":"https:\/\/kitdigital.btactic.com\/ca\/wp-json\/wp\/v2\/pages\/387\/revisions\/484"}],"wp:attachment":[{"href":"https:\/\/kitdigital.btactic.com\/ca\/wp-json\/wp\/v2\/media?parent=387"}],"curies":[{"name":"wp","href":"https:\/\/api.w.org\/{rel}","templated":true}]}}